{"id":21040,"date":"2023-09-28T12:29:14","date_gmt":"2023-09-28T12:29:14","guid":{"rendered":"https:\/\/sierra.keydesign.xyz\/helpdesk\/?page_id=21040"},"modified":"2024-03-11T11:37:11","modified_gmt":"2024-03-11T10:37:11","slug":"datenschutzerklaerung","status":"publish","type":"page","link":"https:\/\/dev.720motions.de\/schule\/datenschutzerklaerung\/","title":{"rendered":"Datenschutzerkl\u00e4rung"},"content":{"rendered":"\t\t<div data-elementor-type=\"wp-page\" data-elementor-id=\"21040\" class=\"elementor elementor-21040\">\n\t\t\t\t<div class=\"elementor-element elementor-element-ace66ac e-flex e-con-boxed e-con e-parent\" data-id=\"ace66ac\" data-element_type=\"container\" data-settings=\"{&quot;background_background&quot;:&quot;classic&quot;,&quot;content_width&quot;:&quot;boxed&quot;}\" data-core-v316-plus=\"true\">\n\t\t\t\t\t<div class=\"e-con-inner\">\n\t\t<div class=\"elementor-element elementor-element-04a0263 e-con-full e-flex e-con e-child\" data-id=\"04a0263\" data-element_type=\"container\" data-settings=\"{&quot;content_width&quot;:&quot;full&quot;}\">\n\t\t\t\t<div class=\"elementor-element elementor-element-d9198ee animated-fast elementor-invisible elementor-widget elementor-widget-elementskit-heading\" data-id=\"d9198ee\" data-element_type=\"widget\" data-settings=\"{&quot;ekit_we_effect_on&quot;:&quot;css&quot;,&quot;_animation&quot;:&quot;fadeIn&quot;,&quot;_animation_delay&quot;:100}\" data-widget_type=\"elementskit-heading.default\">\n\t\t\t\t<div class=\"elementor-widget-container\">\n\t\t\t<div class=\"ekit-wid-con\" ><div class=\"ekit-heading elementskit-section-title-wraper text_left   ekit_heading_tablet-   ekit_heading_mobile-\"><h1 class=\"ekit-heading--title elementskit-section-title \">Datenschutzerkl\u00e4rung<\/h1><\/div><\/div>\t\t<\/div>\n\t\t\t\t<\/div>\n\t\t\t\t<\/div>\n\t\t\t\t\t<\/div>\n\t\t\t\t<\/div>\n\t\t<div class=\"elementor-element elementor-element-33c7781 e-flex e-con-boxed e-con e-parent\" data-id=\"33c7781\" data-element_type=\"container\" data-settings=\"{&quot;animation&quot;:&quot;none&quot;,&quot;content_width&quot;:&quot;boxed&quot;}\" data-core-v316-plus=\"true\">\n\t\t\t\t\t<div class=\"e-con-inner\">\n\t\t<div class=\"elementor-element elementor-element-0e87c71 e-con-full e-flex e-con e-child\" data-id=\"0e87c71\" data-element_type=\"container\" data-settings=\"{&quot;content_width&quot;:&quot;full&quot;}\">\n\t\t<div class=\"elementor-element elementor-element-ed53883 e-con-full sticky-section e-flex e-con e-child\" data-id=\"ed53883\" data-element_type=\"container\" id=\"section1\" data-settings=\"{&quot;content_width&quot;:&quot;full&quot;}\">\n\t\t<div class=\"elementor-element elementor-element-6ce9561 e-con-full e-flex e-con e-child\" data-id=\"6ce9561\" data-element_type=\"container\" data-settings=\"{&quot;content_width&quot;:&quot;full&quot;}\">\n\t\t\t\t<div class=\"elementor-element elementor-element-58cdac2 animated-fast elementor-invisible elementor-widget elementor-widget-text-editor\" data-id=\"58cdac2\" data-element_type=\"widget\" data-settings=\"{&quot;_animation&quot;:&quot;fadeIn&quot;,&quot;_animation_delay&quot;:100,&quot;ekit_we_effect_on&quot;:&quot;none&quot;}\" data-widget_type=\"text-editor.default\">\n\t\t\t\t<div class=\"elementor-widget-container\">\n\t\t\t<style>\/*! elementor - v3.19.0 - 28-02-2024 *\/\n.elementor-widget-text-editor.elementor-drop-cap-view-stacked .elementor-drop-cap{background-color:#69727d;color:#fff}.elementor-widget-text-editor.elementor-drop-cap-view-framed .elementor-drop-cap{color:#69727d;border:3px solid;background-color:transparent}.elementor-widget-text-editor:not(.elementor-drop-cap-view-default) .elementor-drop-cap{margin-top:8px}.elementor-widget-text-editor:not(.elementor-drop-cap-view-default) .elementor-drop-cap-letter{width:1em;height:1em}.elementor-widget-text-editor .elementor-drop-cap{float:left;text-align:center;line-height:1;font-size:50px}.elementor-widget-text-editor .elementor-drop-cap-letter{display:inline-block}<\/style>\t\t\t\t<p align=\"justify\">Eine \u00dcbersicht der Datenschutzerkl\u00e4rungen aller Fachdienste der Kreisverwaltung Segeberg finden Sie unter\u00a0<strong><a class=\"csslink_extern\" title=\"Externer Link: Gehe zu den Datenschutzerkl\u00e4rungen aus den verschiedenen Aufgabenbereichen des Kreises\" href=\"https:\/\/www.segeberg.de\/redirect.phtml?extlink=1&amp;La=1&amp;url_fid=3466.119.1\" target=\"_blank\" rel=\"noopener\">dse.segeberg.de<\/a><\/strong>.<\/p><p align=\"justify\"><strong>Bei jedem Zugriff eines oder einer Nutzer*in auf eine Seite aus dem Angebot des Kreises Segeberg und bei jedem Abruf einer Datei werden Daten \u00fcber diesen Vorgang in einer Protokolldatei gespeichert.<\/strong><br \/><br \/>Grunds\u00e4tzlich werden \u00fcber jeden Abruf mindestens folgende Daten gespeichert:<\/p><div align=\"justify\"><ul class=\" ikiss-unordered-list\"><li>Name der abgerufenen Datei,<\/li><li>Datum und Uhrzeit des Abrufs,<\/li><li>\u00fcbertragene Datenmenge,<\/li><li>Meldung, ob der Abruf erfolgreich war,<\/li><li>IP-Adresse.<\/li><\/ul><\/div><p align=\"justify\">Personenbezogene Nutzerprofile werden nicht erstellt.<\/p><p align=\"justify\"><strong>Cookies<\/strong>\u00a0werden auf dieser Seite nur f\u00fcr folgende Zwecke verwendet:<\/p><ul class=\" ikiss-unordered-list\"><li>statistische Auswertung (siehe unten), Cookie deaktivierbar,<\/li><li>bestimmte Formularfunktionen (zum Beispiel &#8220;Digitale Bauakte&#8221;).<\/li><\/ul><p align=\"justify\">Bei der Verwendung von Online-Dienstleistungen werden dar\u00fcber hinaus personenbezogene Daten per Formular abgefragt, die f\u00fcr die Sachbearbeitung genutzt werden sollen. Diese werden gegebenfalls direkt an das interne IT-System der Kreisverwaltung \u00fcbertragen.<\/p><p align=\"justify\"><strong>Die gespeicherten Daten werden nur zu statistischen Zwecken vom Kreis Segeberg ausgewertet. Eine Weitergabe an Dritte findet nicht statt.<\/strong><\/p><p align=\"justify\">Diese Website benutzt\u00a0<strong>Matomo<\/strong>, eine Open-Source-Software zur statistischen Auswertung der Besucherzugriffe. Matomo verwendet sogenannte &#8220;Cookies&#8221;, Textdateien, die auf Ihrem Computer gespeichert werden und die eine Analyse der Benutzung der Website durch Sie erm\u00f6glichen. Die durch den Cookie erzeugten Informationen \u00fcber Ihre Benutzung dieses Internetangebotes werden auf dem Server des Kreises Segeberg in Deutschland gespeichert. Die IP-Adresse wird sofort nach der Verarbeitung und vor deren Speicherung anonymisiert. Sie k\u00f6nnen die Installation der Cookies durch eine entsprechende Einstellung Ihrer Browser-Software verhindern. Wir weisen Sie jedoch darauf hin, dass Sie in diesem Fall gegebenenfalls nicht s\u00e4mtliche Funktionen dieser Website vollumf\u00e4nglich nutzen k\u00f6nnen.<\/p><p>Um Ihnen einen Service zum Vorlesen von Texten aus unserem Webangebot anbieten zu k\u00f6nnen, nutzen wir Dienste des Anbieters<\/p><p><strong>ReadSpeaker<\/strong>,\u00a0Princenhof Park 13,\u00a03972 NG Driebergen-Rijsenburg, Netherlands,\u00a0E-mail:\u00a0<a class=\"csslink_email\" title=\"Mail an support@readspeaker.com\" href=\"mailto:support@readspeaker.com\">support@readspeaker.com<\/a>.<\/p><p>Mit der Nutzung dieses Dienstes durch Anklicken des entsprechenden Buttons erkl\u00e4ren Sie sich damit einverstanden, dass personenbezogene Daten von Ihnen (zum Beispiel Ihre IP-Adresse) an diesen \u00fcbertragen werden. Weitere Informationen k\u00f6nnen Sie der Datenschutzerkl\u00e4rung des Anbieters entnehmen:\u00a0<a class=\"csslink_extern\" title=\"Externer Link: Datenschutz der Firma ReadSpeaker\" href=\"https:\/\/www.segeberg.de\/redirect.phtml?extlink=1&amp;La=1&amp;url_fid=3466.3791.1\" target=\"_blank\" rel=\"noopener\">https:\/\/www.iubenda.com\/privacy-policy\/92003498\/legal<\/a>.<\/p><h3>Google<\/h3><p>Bei der Nutzung der\u00a0<strong>\u00dcbersetzungsfunktion<\/strong>\u00a0(&#8220;Seite \u00fcbersetzen&#8221;) werden Daten an Google \u00fcbermittelt.<\/p><p>Das Internetangebot des Kreises Segeberg bindet Videos der Plattform &#8220;<strong>YouTube<\/strong>&#8221; des Anbieters Google LLC, 1600 Amphitheatre Parkway, Mountain View, CA 94043, USA, ein.<\/p><p>Dies geschieht \u00fcber ein sogenanntes\u00a0<strong>Zwei-Klick-Verfahren:<\/strong>\u00a0Verbindungen zu den Servern von Google LLC werden erst aufgebaut, wenn Sie dem Laden der Inhalte zugestimmt haben. Erst dann k\u00f6nnen Informationen \u00fcber Sie und Ihre Daten an Google LLC gesendet werden. Informationen zum Umgang von Google LLC mit diesen Daten finden Sie in der\u00a0<a class=\"csslink_extern\" title=\"Externer Link: Zur Datenschutzerkl\u00e4rung von Google LLC\" href=\"https:\/\/www.segeberg.de\/redirect.phtml?extlink=1&amp;La=1&amp;url_fid=3466.3802.1\" target=\"_blank\" rel=\"noopener\">Datenschutzerkl\u00e4rung von Google LLC<\/a><\/p>\t\t\t\t\t\t<\/div>\n\t\t\t\t<\/div>\n\t\t\t\t<\/div>\n\t\t\t\t<\/div>\n\t\t\t\t<\/div>\n\t\t\t\t\t<\/div>\n\t\t\t\t<\/div>\n\t\t\t\t<\/div>\n\t\t","protected":false},"excerpt":{"rendered":"<p>Datenschutzerkl\u00e4rung Eine \u00dcbersicht der Datenschutzerkl\u00e4rungen aller Fachdienste der Kreisverwaltung Segeberg finden Sie unter\u00a0dse.segeberg.de. Bei jedem Zugriff eines oder einer Nutzer*in auf eine Seite aus dem Angebot des Kreises Segeberg und bei jedem Abruf einer Datei werden Daten \u00fcber diesen Vorgang in einer Protokolldatei gespeichert. Grunds\u00e4tzlich werden \u00fcber jeden Abruf mindestens folgende Daten gespeichert: Name der [&hellip;]<\/p>\n","protected":false},"author":1,"featured_media":0,"parent":0,"menu_order":0,"comment_status":"closed","ping_status":"closed","template":"","meta":{"footnotes":""},"class_list":["post-21040","page","type-page","status-publish","hentry"],"_links":{"self":[{"href":"https:\/\/dev.720motions.de\/schule\/wp-json\/wp\/v2\/pages\/21040","targetHints":{"allow":["GET"]}}],"collection":[{"href":"https:\/\/dev.720motions.de\/schule\/wp-json\/wp\/v2\/pages"}],"about":[{"href":"https:\/\/dev.720motions.de\/schule\/wp-json\/wp\/v2\/types\/page"}],"author":[{"embeddable":true,"href":"https:\/\/dev.720motions.de\/schule\/wp-json\/wp\/v2\/users\/1"}],"replies":[{"embeddable":true,"href":"https:\/\/dev.720motions.de\/schule\/wp-json\/wp\/v2\/comments?post=21040"}],"version-history":[{"count":4,"href":"https:\/\/dev.720motions.de\/schule\/wp-json\/wp\/v2\/pages\/21040\/revisions"}],"predecessor-version":[{"id":21534,"href":"https:\/\/dev.720motions.de\/schule\/wp-json\/wp\/v2\/pages\/21040\/revisions\/21534"}],"wp:attachment":[{"href":"https:\/\/dev.720motions.de\/schule\/wp-json\/wp\/v2\/media?parent=21040"}],"curies":[{"name":"wp","href":"https:\/\/api.w.org\/{rel}","templated":true}]}}